{"id":56,"date":"2020-05-18T17:09:21","date_gmt":"2020-05-18T15:09:21","guid":{"rendered":"http:\/\/www.vagliomassa.it\/vagliomassa\/?page_id=56"},"modified":"2025-01-14T23:08:42","modified_gmt":"2025-01-14T22:08:42","slug":"territorio","status":"publish","type":"page","link":"https:\/\/www.vagliomassa.it\/vagliomassa\/territorio\/","title":{"rendered":"Territorio"},"content":{"rendered":"\t\t<div data-elementor-type=\"wp-page\" data-elementor-id=\"56\" class=\"elementor elementor-56\">\n\t\t\t\t\t\t<section class=\"elementor-section elementor-top-section elementor-element elementor-element-bac9695 elementor-section-boxed elementor-section-height-default elementor-section-height-default\" data-id=\"bac9695\" data-element_type=\"section\">\n\t\t\t\t\t\t<div class=\"elementor-container elementor-column-gap-default\">\n\t\t\t\t\t<div class=\"elementor-column elementor-col-100 elementor-top-column elementor-element elementor-element-e08fa7b\" data-id=\"e08fa7b\" data-element_type=\"column\">\n\t\t\t<div class=\"elementor-widget-wrap elementor-element-populated\">\n\t\t\t\t\t\t<div class=\"elementor-element elementor-element-e1ebb97 elementor-arrows-position-inside elementor-widget elementor-widget-image-carousel\" data-id=\"e1ebb97\" data-element_type=\"widget\" data-settings=\"{&quot;slides_to_show&quot;:&quot;3&quot;,&quot;navigation&quot;:&quot;arrows&quot;,&quot;slides_to_scroll&quot;:&quot;3&quot;,&quot;autoplay&quot;:&quot;yes&quot;,&quot;pause_on_hover&quot;:&quot;yes&quot;,&quot;pause_on_interaction&quot;:&quot;yes&quot;,&quot;autoplay_speed&quot;:5000,&quot;infinite&quot;:&quot;yes&quot;,&quot;speed&quot;:500}\" data-widget_type=\"image-carousel.default\">\n\t\t\t\t<div class=\"elementor-widget-container\">\n\t\t\t\t\t\t\t<div class=\"elementor-image-carousel-wrapper swiper\" role=\"region\" aria-roledescription=\"carousel\" aria-label=\"Carosello d&#039;immagini\" dir=\"ltr\">\n\t\t\t<div class=\"elementor-image-carousel swiper-wrapper swiper-image-stretch\" aria-live=\"off\">\n\t\t\t\t\t\t\t\t<div class=\"swiper-slide\" role=\"group\" aria-roledescription=\"slide\" aria-label=\"1 di 3\"><figure class=\"swiper-slide-inner\"><img decoding=\"async\" class=\"swiper-slide-image\" src=\"https:\/\/www.vagliomassa.it\/vagliomassa\/wp-content\/uploads\/2025\/01\/VAGLIO-MASSA-VENDEMMIA-118-compressa-scaled.jpg\" alt=\"VAGLIO MASSA VENDEMMIA 118 compressa\" \/><\/figure><\/div><div class=\"swiper-slide\" role=\"group\" aria-roledescription=\"slide\" aria-label=\"2 di 3\"><figure class=\"swiper-slide-inner\"><img decoding=\"async\" class=\"swiper-slide-image\" src=\"https:\/\/www.vagliomassa.it\/vagliomassa\/wp-content\/uploads\/2025\/01\/VAGLIO-MASSA-nostra-vendemmia-1.jpg\" alt=\"VAGLIO MASSA nostra vendemmia\" \/><\/figure><\/div><div class=\"swiper-slide\" role=\"group\" aria-roledescription=\"slide\" aria-label=\"3 di 3\"><figure class=\"swiper-slide-inner\"><img decoding=\"async\" class=\"swiper-slide-image\" src=\"https:\/\/www.vagliomassa.it\/vagliomassa\/wp-content\/uploads\/2025\/01\/VAGLIO-MASSA-VENDEMMIA-105-compressa-scaled.jpg\" alt=\"VAGLIO MASSA VENDEMMIA 105 compressa\" \/><\/figure><\/div>\t\t\t<\/div>\n\t\t\t\t\t\t\t\t\t\t\t\t<div class=\"elementor-swiper-button elementor-swiper-button-prev\" role=\"button\" tabindex=\"0\">\n\t\t\t\t\t\t<i aria-hidden=\"true\" class=\"eicon-chevron-left\"><\/i>\t\t\t\t\t<\/div>\n\t\t\t\t\t<div class=\"elementor-swiper-button elementor-swiper-button-next\" role=\"button\" tabindex=\"0\">\n\t\t\t\t\t\t<i aria-hidden=\"true\" class=\"eicon-chevron-right\"><\/i>\t\t\t\t\t<\/div>\n\t\t\t\t\n\t\t\t\t\t\t\t\t\t<\/div>\n\t\t\t\t\t\t<\/div>\n\t\t\t\t<\/div>\n\t\t\t\t\t<\/div>\n\t\t<\/div>\n\t\t\t\t\t<\/div>\n\t\t<\/section>\n\t\t\t\t<section class=\"elementor-section elementor-top-section elementor-element elementor-element-76524dd elementor-section-boxed elementor-section-height-default elementor-section-height-default\" data-id=\"76524dd\" data-element_type=\"section\">\n\t\t\t\t\t\t<div class=\"elementor-container elementor-column-gap-default\">\n\t\t\t\t\t<div class=\"elementor-column elementor-col-100 elementor-top-column elementor-element elementor-element-4cc9283\" data-id=\"4cc9283\" data-element_type=\"column\">\n\t\t\t<div class=\"elementor-widget-wrap elementor-element-populated\">\n\t\t\t\t\t\t<div class=\"elementor-element elementor-element-1033ca5 elementor-widget elementor-widget-text-editor\" data-id=\"1033ca5\" data-element_type=\"widget\" data-widget_type=\"text-editor.default\">\n\t\t\t\t<div class=\"elementor-widget-container\">\n\t\t\t\t\t\t\t\t\t<h1>Territorio<\/h1><p style=\"text-align: justify;\">Il Salento, noto anche come penisola salentina, \u00e9 conosciuto come Il tacco d&#8217;italia, \u00e8 coincidente con la parte pi\u00f9 meridionale della Puglia, tra il mar Ionio ad ovest e il mar Adriatico ad est, ecco perch\u00e9 \u00e8 anche detto terra tra due mari, da un punto di vista storico il Salento ha fatto parte per molti secoli dell&#8217;antica regione denominata Terra d&#8217;Otranto.<\/p><p style=\"text-align: justify;\">Il clima del Salento \u00e8 mite e temperato, con inverni non troppo rigidi ed estati calde e assolate che rendo ogni momento dell\u2019anno adatto per visitare questa meravigliosa terra.<\/p><p style=\"text-align: justify;\">Qui nel Salento tutto \u00e8 caldo e cordiale, come la gente nata in questi luoghi, che accoglie il visitatore coinvolgendolo nell\u2019atmosfera magica dei luoghi e dei riti salentini, facendogli rivivere il rito antico delle sagre di paese, delle feste patronali e raccontando le vecchie storie magiche che fanno ricordare il lontano tempo del tarantismo.<\/p><p style=\"text-align: justify;\">Tanti paesi, tutti diversi tra loro per usanze e cadenze dialettali, che nella zona della Grecia salentina diventano addirittura lingua a parte con il Griko, uniti per\u00f2 per formare un unico organismo vitale e pulsante, fatto di tante piccole identit\u00e0 che ne rappresentano la ricchezza morale e culturale.<\/p><p style=\"text-align: justify;\">Oltre che da distese di ulivi secolari che popolano e caratterizzano il territorio, la vegetazione \u00e8 costituita anche dal fico d&#8217;India, che cresce spontaneamente sia all&#8217;interno sia lungo la costa nonch\u00e9 gli interstizi dei tipici muretti a secco e da distese di vigneti che costituiscono un patrimonio produttivo per questa regione. Nell\u2019ultimo decennio si sta cercando di valorizzare le variet\u00e0 autoctone tra cui il rinomato Negroamaro sempre pi\u00f9 apprezzato, ricercato e amato.<\/p><p style=\"text-align: justify;\">Lecce, \u00e8 il capoluogo e il maggiore centro culturale del Salento, Citt\u00e0 d&#8217;arte del Meridione Italiano, \u00e8 nota come &#8220;la Firenze del Sud&#8221; o la &#8220;Firenze del Barocco&#8221;. Le antichissime origini messapiche e i resti archeologici della dominazione romana si mescolano infatti alla ricchezza e all\u2019esuberanza del barocco.<\/p>\t\t\t\t\t\t\t\t<\/div>\n\t\t\t\t<\/div>\n\t\t\t\t\t<\/div>\n\t\t<\/div>\n\t\t\t\t\t<\/div>\n\t\t<\/section>\n\t\t\t\t<\/div>\n\t\t","protected":false},"excerpt":{"rendered":"<p>Territorio Il Salento, noto anche come penisola salentina, \u00e9 conosciuto come Il tacco d'italia, \u00e8 coincidente con la parte pi\u00f9 meridionale della Puglia, tra il mar Ionio ad ovest e il mar Adriatico ad est, ecco perch\u00e9 \u00e8 anche detto terra tra due mari, da un punto di vista storico il Salento ha fatto parte per molti secoli dell'antica regione&nbsp;<a href=\"https:\/\/www.vagliomassa.it\/vagliomassa\/territorio\/\" class=\"read-more\">Continue Reading<\/a><\/p>\n","protected":false},"author":1,"featured_media":0,"parent":0,"menu_order":0,"comment_status":"closed","ping_status":"closed","template":"page-home.php","meta":{"footnotes":""},"class_list":["post-56","page","type-page","status-publish","hentry"],"_links":{"self":[{"href":"https:\/\/www.vagliomassa.it\/vagliomassa\/wp-json\/wp\/v2\/pages\/56","targetHints":{"allow":["GET"]}}],"collection":[{"href":"https:\/\/www.vagliomassa.it\/vagliomassa\/wp-json\/wp\/v2\/pages"}],"about":[{"href":"https:\/\/www.vagliomassa.it\/vagliomassa\/wp-json\/wp\/v2\/types\/page"}],"author":[{"embeddable":true,"href":"https:\/\/www.vagliomassa.it\/vagliomassa\/wp-json\/wp\/v2\/users\/1"}],"replies":[{"embeddable":true,"href":"https:\/\/www.vagliomassa.it\/vagliomassa\/wp-json\/wp\/v2\/comments?post=56"}],"version-history":[{"count":9,"href":"https:\/\/www.vagliomassa.it\/vagliomassa\/wp-json\/wp\/v2\/pages\/56\/revisions"}],"predecessor-version":[{"id":687,"href":"https:\/\/www.vagliomassa.it\/vagliomassa\/wp-json\/wp\/v2\/pages\/56\/revisions\/687"}],"wp:attachment":[{"href":"https:\/\/www.vagliomassa.it\/vagliomassa\/wp-json\/wp\/v2\/media?parent=56"}],"curies":[{"name":"wp","href":"https:\/\/api.w.org\/{rel}","templated":true}]}}